{"id":1190,"date":"2023-09-26T13:47:48","date_gmt":"2023-09-26T13:47:48","guid":{"rendered":"https:\/\/andalousfez.com\/le-lounge\/"},"modified":"2025-06-02T15:43:45","modified_gmt":"2025-06-02T15:43:45","slug":"le-lounge","status":"publish","type":"page","link":"https:\/\/andalousfez.com\/fr\/le-lounge\/","title":{"rendered":"LE LOUNGE"},"content":{"rendered":"<section class=\"wpb-content-wrapper\"><p>[vc_row][vc_column width=\u00a0\u00bb1\/2&Prime;][vc_single_image image=\u00a0\u00bb882&Prime; img_size=\u00a0\u00bbfull\u00a0\u00bb alignment=\u00a0\u00bbcenter\u00a0\u00bb][vc_empty_space height=\u00a0\u00bb20px\u00a0\u00bb][\/vc_column][vc_column width=\u00a0\u00bb1\/2&Prime;][vc_images_carousel images=\u00a0\u00bb884,886,889,891,1080&Prime; img_size=\u00a0\u00bb630&#215;450&Prime; autoplay=\u00a0\u00bbyes\u00a0\u00bb wrap=\u00a0\u00bbyes\u00a0\u00bb][vc_empty_space height=\u00a0\u00bb20px\u00a0\u00bb]<h5 class='heading-content  style-1' ><span>UN CONCEPT UNIQUE \u00c0 F\u00c8S<\/span><\/h5>[vc_column_text]<\/p>\n<p style=\"font-weight: 400;\">Pour commencer ou prolonger la soir\u00e9e, Le Lounge offre un cadre idyllique o\u00f9 vous pourrez d\u00eener en appr\u00e9ciant les sonorit\u00e9s musicales du DJ, ce lieu s\u00e9duit par sa lumi\u00e8re tamis\u00e9e et sa grande vari\u00e9t\u00e9 de tapas.<\/p>\n<p>[\/vc_column_text][\/vc_column][\/vc_row]<\/p>\n<\/section>","protected":false},"excerpt":{"rendered":"<p>[vc_row][vc_column width=\u00a0\u00bb1\/2&Prime;][vc_single_image image=\u00a0\u00bb882&Prime; img_size=\u00a0\u00bbfull\u00a0\u00bb alignment=\u00a0\u00bbcenter\u00a0\u00bb][vc_empty_space height=\u00a0\u00bb20px\u00a0\u00bb][\/vc_column][vc_column width=\u00a0\u00bb1\/2&Prime;][vc_images_carousel images=\u00a0\u00bb884,886,889,891,1080&Prime; img_size=\u00a0\u00bb630&#215;450&Prime; autoplay=\u00a0\u00bbyes\u00a0\u00bb wrap=\u00a0\u00bbyes\u00a0\u00bb][vc_empty_space height=\u00a0\u00bb20px\u00a0\u00bb][vc_column_text] Pour commencer ou prolonger la soir\u00e9e, Le Lounge offre un cadre idyllique o\u00f9 vous pourrez d\u00eener en appr\u00e9ciant les sonorit\u00e9s musicales du DJ, ce lieu s\u00e9duit par sa&#8230;<\/p>\n","protected":false},"author":1,"featured_media":1068,"parent":0,"menu_order":0,"comment_status":"open","ping_status":"closed","template":"","meta":{"footnotes":""},"_links":{"self":[{"href":"https:\/\/andalousfez.com\/fr\/wp-json\/wp\/v2\/pages\/1190"}],"collection":[{"href":"https:\/\/andalousfez.com\/fr\/wp-json\/wp\/v2\/pages"}],"about":[{"href":"https:\/\/andalousfez.com\/fr\/wp-json\/wp\/v2\/types\/page"}],"author":[{"embeddable":true,"href":"https:\/\/andalousfez.com\/fr\/wp-json\/wp\/v2\/users\/1"}],"replies":[{"embeddable":true,"href":"https:\/\/andalousfez.com\/fr\/wp-json\/wp\/v2\/comments?post=1190"}],"version-history":[{"count":18,"href":"https:\/\/andalousfez.com\/fr\/wp-json\/wp\/v2\/pages\/1190\/revisions"}],"predecessor-version":[{"id":1466,"href":"https:\/\/andalousfez.com\/fr\/wp-json\/wp\/v2\/pages\/1190\/revisions\/1466"}],"wp:featuredmedia":[{"embeddable":true,"href":"https:\/\/andalousfez.com\/fr\/wp-json\/wp\/v2\/media\/1068"}],"wp:attachment":[{"href":"https:\/\/andalousfez.com\/fr\/wp-json\/wp\/v2\/media?parent=1190"}],"curies":[{"name":"wp","href":"https:\/\/api.w.org\/{rel}","templated":true}]}}