{"id":1196,"date":"2023-09-25T08:53:38","date_gmt":"2023-09-25T08:53:38","guid":{"rendered":"https:\/\/andalousfez.com\/la-taperia\/"},"modified":"2025-05-27T11:00:21","modified_gmt":"2025-05-27T11:00:21","slug":"la-taperia","status":"publish","type":"page","link":"https:\/\/andalousfez.com\/fr\/la-taperia\/","title":{"rendered":"LA TAPERIA"},"content":{"rendered":"<section class=\"wpb-content-wrapper\"><p>[vc_row][vc_column width=\u00a0\u00bb1\/2&Prime;][vc_single_image image=\u00a0\u00bb1452&Prime; img_size=\u00a0\u00bbfull\u00a0\u00bb alignment=\u00a0\u00bbcenter\u00a0\u00bb][vc_empty_space height=\u00a0\u00bb20px\u00a0\u00bb][\/vc_column][vc_column width=\u00a0\u00bb1\/2&Prime;][vc_images_carousel images=\u00a0\u00bb895,896,897,898,899&Prime; img_size=\u00a0\u00bb630&#215;450&Prime; autoplay=\u00a0\u00bbyes\u00a0\u00bb wrap=\u00a0\u00bbyes\u00a0\u00bb][vc_empty_space height=\u00a0\u00bb20px\u00a0\u00bb]<h5 class='heading-content  style-1' ><span>TAPAS &amp; RACIONES<\/span><\/h5>[vc_column_text]<\/p>\n<p style=\"font-weight: 400;\">Selon l\u2019app\u00e9tit ou l\u2019heure, vous pouvez commander une ration soit compl\u00e8te (raci\u00f3n), soit r\u00e9duite (1\/2 raci\u00f3n) tout en profitant d\u2019une ambiance musicale unique tout au long de la soir\u00e9e.<\/p>\n<p>[\/vc_column_text][\/vc_column][\/vc_row]<\/p>\n<\/section>","protected":false},"excerpt":{"rendered":"<p>[vc_row][vc_column width=\u00a0\u00bb1\/2&Prime;][vc_single_image image=\u00a0\u00bb1452&Prime; img_size=\u00a0\u00bbfull\u00a0\u00bb alignment=\u00a0\u00bbcenter\u00a0\u00bb][vc_empty_space height=\u00a0\u00bb20px\u00a0\u00bb][\/vc_column][vc_column width=\u00a0\u00bb1\/2&Prime;][vc_images_carousel images=\u00a0\u00bb895,896,897,898,899&Prime; img_size=\u00a0\u00bb630&#215;450&Prime; autoplay=\u00a0\u00bbyes\u00a0\u00bb wrap=\u00a0\u00bbyes\u00a0\u00bb][vc_empty_space height=\u00a0\u00bb20px\u00a0\u00bb][vc_column_text] Selon l\u2019app\u00e9tit ou l\u2019heure, vous pouvez commander une ration soit compl\u00e8te (raci\u00f3n), soit r\u00e9duite (1\/2 raci\u00f3n) tout en profitant d\u2019une ambiance musicale unique tout au long de la&#8230;<\/p>\n","protected":false},"author":1,"featured_media":1068,"parent":0,"menu_order":0,"comment_status":"open","ping_status":"open","template":"","meta":{"footnotes":""},"_links":{"self":[{"href":"https:\/\/andalousfez.com\/fr\/wp-json\/wp\/v2\/pages\/1196"}],"collection":[{"href":"https:\/\/andalousfez.com\/fr\/wp-json\/wp\/v2\/pages"}],"about":[{"href":"https:\/\/andalousfez.com\/fr\/wp-json\/wp\/v2\/types\/page"}],"author":[{"embeddable":true,"href":"https:\/\/andalousfez.com\/fr\/wp-json\/wp\/v2\/users\/1"}],"replies":[{"embeddable":true,"href":"https:\/\/andalousfez.com\/fr\/wp-json\/wp\/v2\/comments?post=1196"}],"version-history":[{"count":31,"href":"https:\/\/andalousfez.com\/fr\/wp-json\/wp\/v2\/pages\/1196\/revisions"}],"predecessor-version":[{"id":1454,"href":"https:\/\/andalousfez.com\/fr\/wp-json\/wp\/v2\/pages\/1196\/revisions\/1454"}],"wp:featuredmedia":[{"embeddable":true,"href":"https:\/\/andalousfez.com\/fr\/wp-json\/wp\/v2\/media\/1068"}],"wp:attachment":[{"href":"https:\/\/andalousfez.com\/fr\/wp-json\/wp\/v2\/media?parent=1196"}],"curies":[{"name":"wp","href":"https:\/\/api.w.org\/{rel}","templated":true}]}}