{"id":1237,"date":"2014-11-11T11:09:47","date_gmt":"2014-11-11T11:09:47","guid":{"rendered":"https:\/\/andalousfez.com\/accueil\/"},"modified":"2025-06-02T15:44:06","modified_gmt":"2025-06-02T15:44:06","slug":"accueil","status":"publish","type":"page","link":"https:\/\/andalousfez.com\/fr\/","title":{"rendered":"ACCUEIL"},"content":{"rendered":"<section class=\"wpb-content-wrapper\"><p>[vc_row has_content=\u00a0\u00bbfalse\u00a0\u00bb css=\u00a0\u00bb.vc_custom_1695995578833{background-color: #e8e8e8 !important;}\u00a0\u00bb][vc_column][rev_slider_vc alias=\u00a0\u00bbmain-slider-2&Prime;][\/vc_column][\/vc_row][vc_row full_width=\u00a0\u00bbstretch_row\u00a0\u00bb css=\u00a0\u00bb.vc_custom_1695633985482{margin-bottom: 50px !important;padding-top: 35px !important;padding-bottom: 140px !important;background-color: #595959 !important;background-position: center !important;background-repeat: no-repeat !important;background-size: cover !important;}\u00a0\u00bb has_content=\u00a0\u00bbinside\u00a0\u00bb][vc_column][vc_column_text css=\u00a0\u00bb.vc_custom_1712328183455{margin-top: -10px !important;}\u00a0\u00bb]<\/p>\n<h3 style=\"text-align: center;\"><span style=\"color: #ffffff;\">1 ENDROIT \u2022 3 AMBIANCES<\/span><\/h3>\n<h2 style=\"text-align: center;\"><span style=\"color: #ffffff;\">Unique pour tous ceux qui passent \u00e0 F\u00e8s, ses trois \u00e9tages, ses ambiances diverses et vari\u00e9es lui donnent une personnalit\u00e9 hors du commun.<br \/>\n<\/span><\/h2>\n<p>[\/vc_column_text][\/vc_column][\/vc_row][vc_row css=\u00a0\u00bb.vc_custom_1712328021721{margin-top: -180px !important;margin-bottom: -30px !important;padding-top: 35px !important;padding-bottom: 0px !important;}\u00a0\u00bb has_content=\u00a0\u00bbinside\u00a0\u00bb el_class=\u00a0\u00bbon-top\u00a0\u00bb][vc_column width=\u00a0\u00bb1\/3&Prime;][vc_single_image image=\u00a0\u00bb1332&Prime; img_size=\u00a0\u00bbfull\u00a0\u00bb onclick=\u00a0\u00bbcustom_link\u00a0\u00bb link=\u00a0\u00bbhttps:\/\/andalousfez.com\/fr\/sky-lounge\/\u00a0\u00bb]<h5 class='heading-middle  style-1' ><span>L\u2019EXP\u00c9RIENCE TERRASSE PAR EXCELLENCE<\/span><\/h5>[\/vc_column][vc_column width=\u00a0\u00bb1\/3&Prime;][vc_single_image image=\u00a0\u00bb1326&Prime; img_size=\u00a0\u00bbfull\u00a0\u00bb onclick=\u00a0\u00bbcustom_link\u00a0\u00bb link=\u00a0\u00bbhttps:\/\/andalousfez.com\/fr\/le-lounge\/\u00a0\u00bb]<h5 class='heading-middle  style-1' ><span>UN CONCEPT UNIQUE \u00c0 F\u00c8S<\/span><\/h5>[\/vc_column][vc_column width=\u00a0\u00bb1\/3&Prime;][vc_single_image image=\u00a0\u00bb1443&Prime; img_size=\u00a0\u00bbfull\u00a0\u00bb onclick=\u00a0\u00bbcustom_link\u00a0\u00bb link=\u00a0\u00bbhttps:\/\/andalousfez.com\/fr\/la-taperia\/\u00a0\u00bb]<h5 class='heading-middle  style-1' ><span>TAPAS &amp; RACIONES<\/span><\/h5>[\/vc_column][\/vc_row]<\/p>\n<\/section>","protected":false},"excerpt":{"rendered":"<p>[vc_row has_content=\u00a0\u00bbfalse\u00a0\u00bb css=\u00a0\u00bb.vc_custom_1695995578833{background-color: #e8e8e8 !important;}\u00a0\u00bb][vc_column][rev_slider_vc alias=\u00a0\u00bbmain-slider-2&Prime;][\/vc_column][\/vc_row][vc_row full_width=\u00a0\u00bbstretch_row\u00a0\u00bb css=\u00a0\u00bb.vc_custom_1695633985482{margin-bottom: 50px !important;padding-top: 35px !important;padding-bottom: 140px !important;background-color: #595959 !important;background-position: center !important;background-repeat: no-repeat !important;background-size: cover !important;}\u00a0\u00bb has_content=\u00a0\u00bbinside\u00a0\u00bb][vc_column][vc_column_text css=\u00a0\u00bb.vc_custom_1712328183455{margin-top: -10px !important;}\u00a0\u00bb] 1 ENDROIT \u2022 3 AMBIANCES Unique pour tous ceux qui passent \u00e0 F\u00e8s, ses&#8230;<\/p>\n","protected":false},"author":1,"featured_media":0,"parent":0,"menu_order":0,"comment_status":"open","ping_status":"closed","template":"","meta":{"footnotes":""},"_links":{"self":[{"href":"https:\/\/andalousfez.com\/fr\/wp-json\/wp\/v2\/pages\/1237"}],"collection":[{"href":"https:\/\/andalousfez.com\/fr\/wp-json\/wp\/v2\/pages"}],"about":[{"href":"https:\/\/andalousfez.com\/fr\/wp-json\/wp\/v2\/types\/page"}],"author":[{"embeddable":true,"href":"https:\/\/andalousfez.com\/fr\/wp-json\/wp\/v2\/users\/1"}],"replies":[{"embeddable":true,"href":"https:\/\/andalousfez.com\/fr\/wp-json\/wp\/v2\/comments?post=1237"}],"version-history":[{"count":38,"href":"https:\/\/andalousfez.com\/fr\/wp-json\/wp\/v2\/pages\/1237\/revisions"}],"predecessor-version":[{"id":1467,"href":"https:\/\/andalousfez.com\/fr\/wp-json\/wp\/v2\/pages\/1237\/revisions\/1467"}],"wp:attachment":[{"href":"https:\/\/andalousfez.com\/fr\/wp-json\/wp\/v2\/media?parent=1237"}],"curies":[{"name":"wp","href":"https:\/\/api.w.org\/{rel}","templated":true}]}}