{"id":1259,"date":"2023-09-26T14:31:53","date_gmt":"2023-09-26T14:31:53","guid":{"rendered":"https:\/\/andalousfez.com\/evenements\/"},"modified":"2024-05-02T11:20:26","modified_gmt":"2024-05-02T11:20:26","slug":"evenements","status":"publish","type":"page","link":"https:\/\/andalousfez.com\/fr\/evenements\/","title":{"rendered":"\u00c9V\u00c8NEMENTIEL"},"content":{"rendered":"<section class=\"wpb-content-wrapper\"><p>[vc_row][vc_column width=\u00a0\u00bb1\/2&Prime;]<h5 class='heading-content  style-1' ><span>\u00c9V\u00c8NEMENTIEL<\/span><\/h5>[vc_column_text]<\/p>\n<p style=\"font-weight: 400;\">Parce que l\u2019art de recevoir et au c\u0153ur des valeurs de l\u2019Andalous, vos \u00e9v\u00e9nements prendront une autre dimension. Pour tous vos \u00e9v\u00e9nements : repas d\u2019affaires, d\u00eeners de gala, anniversaires, r\u00e9unions, s\u00e9minaires, en journ\u00e9e ou en soir\u00e9e, nous vous proposons des menus sur mesure et des r\u00e9servations priv\u00e9es.<\/p>\n<p>[\/vc_column_text][vc_empty_space height=\u00a0\u00bb20px\u00a0\u00bb][\/vc_column][vc_column width=\u00a0\u00bb1\/2&Prime;][vc_single_image image=\u00a0\u00bb1396&Prime; img_size=\u00a0\u00bbfull\u00a0\u00bb alignment=\u00a0\u00bbcenter\u00a0\u00bb][vc_empty_space height=\u00a0\u00bb20px\u00a0\u00bb][\/vc_column][\/vc_row]<\/p>\n<\/section>","protected":false},"excerpt":{"rendered":"<p>[vc_row][vc_column width=\u00a0\u00bb1\/2&Prime;][vc_column_text] Parce que l\u2019art de recevoir et au c\u0153ur des valeurs de l\u2019Andalous, vos \u00e9v\u00e9nements prendront une autre dimension. Pour tous vos \u00e9v\u00e9nements : repas d\u2019affaires, d\u00eeners de gala, anniversaires, r\u00e9unions, s\u00e9minaires, en journ\u00e9e ou en soir\u00e9e, nous vous&#8230;<\/p>\n","protected":false},"author":1,"featured_media":1068,"parent":0,"menu_order":0,"comment_status":"open","ping_status":"open","template":"","meta":{"footnotes":""},"_links":{"self":[{"href":"https:\/\/andalousfez.com\/fr\/wp-json\/wp\/v2\/pages\/1259"}],"collection":[{"href":"https:\/\/andalousfez.com\/fr\/wp-json\/wp\/v2\/pages"}],"about":[{"href":"https:\/\/andalousfez.com\/fr\/wp-json\/wp\/v2\/types\/page"}],"author":[{"embeddable":true,"href":"https:\/\/andalousfez.com\/fr\/wp-json\/wp\/v2\/users\/1"}],"replies":[{"embeddable":true,"href":"https:\/\/andalousfez.com\/fr\/wp-json\/wp\/v2\/comments?post=1259"}],"version-history":[{"count":10,"href":"https:\/\/andalousfez.com\/fr\/wp-json\/wp\/v2\/pages\/1259\/revisions"}],"predecessor-version":[{"id":1398,"href":"https:\/\/andalousfez.com\/fr\/wp-json\/wp\/v2\/pages\/1259\/revisions\/1398"}],"wp:featuredmedia":[{"embeddable":true,"href":"https:\/\/andalousfez.com\/fr\/wp-json\/wp\/v2\/media\/1068"}],"wp:attachment":[{"href":"https:\/\/andalousfez.com\/fr\/wp-json\/wp\/v2\/media?parent=1259"}],"curies":[{"name":"wp","href":"https:\/\/api.w.org\/{rel}","templated":true}]}}